{"id":127,"date":"2020-03-29T15:09:45","date_gmt":"2020-03-29T15:09:45","guid":{"rendered":"https:\/\/fabrique.gaengeviertel.de\/?page_id=127"},"modified":"2025-02-10T19:52:35","modified_gmt":"2025-02-10T19:52:35","slug":"home-2","status":"publish","type":"page","link":"https:\/\/fabrique.gaengeviertel.de\/","title":{"rendered":"Home"},"content":{"rendered":"\t\t<div data-elementor-type=\"wp-page\" data-elementor-id=\"127\" class=\"elementor elementor-127\">\n\t\t\t\t\t\t<section class=\"elementor-section elementor-top-section elementor-element elementor-element-a9c4cc7 elementor-section-boxed elementor-section-height-default elementor-section-height-default\" data-id=\"a9c4cc7\" data-element_type=\"section\">\n\t\t\t\t\t\t<div class=\"elementor-container elementor-column-gap-default\">\n\t\t\t\t\t<div class=\"elementor-column elementor-col-100 elementor-top-column elementor-element elementor-element-b61e583\" data-id=\"b61e583\" data-element_type=\"column\">\n\t\t\t<div class=\"elementor-widget-wrap elementor-element-populated\">\n\t\t\t\t\t\t<div class=\"elementor-element elementor-element-4d2717f elementor-widget-divider--view-line elementor-widget elementor-widget-divider\" data-id=\"4d2717f\" data-element_type=\"widget\" data-widget_type=\"divider.default\">\n\t\t\t\t<div class=\"elementor-widget-container\">\n\t\t\t\t\t\t\t<div class=\"elementor-divider\">\n\t\t\t<span class=\"elementor-divider-separator\">\n\t\t\t\t\t\t<\/span>\n\t\t<\/div>\n\t\t\t\t\t\t<\/div>\n\t\t\t\t<\/div>\n\t\t\t\t<div class=\"elementor-element elementor-element-aa05436 elementor-widget elementor-widget-text-editor\" data-id=\"aa05436\" data-element_type=\"widget\" data-widget_type=\"text-editor.default\">\n\t\t\t\t<div class=\"elementor-widget-container\">\n\t\t\t\t\t\t\t\t\t<p>Die 1903 erbaute FABRIQUE ist das soziokulturelle Herzst\u00fcck des G\u00e4ngeviertels.<\/p><p>Auf f\u00fcnf Stockwerken gibt es hier zehn Nutzungseinheiten, deren R\u00e4umlichkeiten die verschiedensten M\u00f6glichkeiten bieten. Egal ob jung oder alt, egal ob Du schon einmal hier warst oder nicht.<\/p><hr \/><p><em>Die Fabrique ist ein offener Ort, den wir gemeinsam schaffen und wir m\u00f6chten alle Interessierten dazu einladen, diesen Raum mitzugestalten. <a href=\"https:\/\/fabrique.gaengeviertel.de\/index.php\/fabrique\/\">\u00bb mehr<\/a><\/em><\/p>\t\t\t\t\t\t\t\t<\/div>\n\t\t\t\t<\/div>\n\t\t\t\t<div class=\"elementor-element elementor-element-58ed780 elementor-widget-divider--view-line elementor-widget elementor-widget-divider\" data-id=\"58ed780\" data-element_type=\"widget\" data-widget_type=\"divider.default\">\n\t\t\t\t<div class=\"elementor-widget-container\">\n\t\t\t\t\t\t\t<div class=\"elementor-divider\">\n\t\t\t<span class=\"elementor-divider-separator\">\n\t\t\t\t\t\t<\/span>\n\t\t<\/div>\n\t\t\t\t\t\t<\/div>\n\t\t\t\t<\/div>\n\t\t\t\t<div class=\"elementor-element elementor-element-ee30578 elementor-widget elementor-widget-spacer\" data-id=\"ee30578\" data-element_type=\"widget\" data-widget_type=\"spacer.default\">\n\t\t\t\t<div class=\"elementor-widget-container\">\n\t\t\t\t\t\t\t<div class=\"elementor-spacer\">\n\t\t\t<div class=\"elementor-spacer-inner\"><\/div>\n\t\t<\/div>\n\t\t\t\t\t\t<\/div>\n\t\t\t\t<\/div>\n\t\t\t\t\t<\/div>\n\t\t<\/div>\n\t\t\t\t\t<\/div>\n\t\t<\/section>\n\t\t\t\t<section class=\"elementor-section elementor-top-section elementor-element elementor-element-d4a61cf elementor-section-boxed elementor-section-height-default elementor-section-height-default\" data-id=\"d4a61cf\" data-element_type=\"section\">\n\t\t\t\t\t\t<div class=\"elementor-container elementor-column-gap-default\">\n\t\t\t\t\t<div class=\"elementor-column elementor-col-100 elementor-top-column elementor-element elementor-element-bd94e71\" data-id=\"bd94e71\" data-element_type=\"column\">\n\t\t\t<div class=\"elementor-widget-wrap elementor-element-populated\">\n\t\t\t\t\t\t<div class=\"elementor-element elementor-element-4763285 elementor-widget elementor-widget-widgetkit-gallery\" data-id=\"4763285\" data-element_type=\"widget\" data-widget_type=\"widgetkit-gallery.default\">\n\t\t\t\t<div class=\"elementor-widget-container\">\n\t\t\t\t\t\n\n\t<div class=\"wk-gallery\"  >\n\t\t\n\n\t\t\t\t\t\t\t<div class=\" wk-grid-small  wk-child-width-1-3@m wk-child-width-1-2@s\" wk-grid=\"masonry:false\">\n\t\t\t\t  \t\t\t  \t\t\t\t\t        <div class=\"_4763285\">\n\t\t        <!-- \t<div class=\"\"> -->\n\t\t\t            <div class=\"wk-gallery-card wk-position-relative  wk-overflow-hidden square content-overlay\">\n\n\t\t\t\t\t\t\t\n\t\t\t\t\t            \t\t\t\t\t            \t<img fetchpriority=\"high\" decoding=\"async\" width=\"1000\" height=\"667\" src=\"https:\/\/fabrique.gaengeviertel.de\/wp-content\/uploads\/2020\/03\/FABRIQUE_2020-Shoot_007-e1586944082875.jpg\" class=\"attachment-full size-full\" alt=\"Saal\" \/>\t\t\t\t\t            \n\t\t\t\t\t            <div class=\"wk-padding-small wk-position-absolute wk-position-center wk-text-center wk-gallery-body\">\n\t\t\t\t\t\t               \t\t\t\t\t\t           \t\t<a href=\"https:\/\/fabrique.gaengeviertel.de\/index.php\/saal\/\" nofollow=\"nofollow\">\n\t\t\t\t\t\t            \t\t<h5 class=\"wk-text-medium wk-margin-small wk-card-title\"> Saal\t\t\t\t\t\t            \t\t<\/h5>\n\t\t\t\t\t\t\t\t\t\t<\/a>\n\t\t\t\t\t\t\t\t\t\t\t\t\t\t\t\t            \t\t\t\t\t\t\t            \t\t<p class=\"wk-text-desc wk-margin-remove wk-padding-small wk-padding-remove-top\">\n\t\t\t\t\t\t            \t\t\tEG S\u00fcd | Multifunktionsraum f\u00fcr Konzerte \u00fcber Party bis hin zur Podiumsdiskussion.<\/p>\t\n\t\t\t\t\t\t            \t\n\t\t\t\t\t\t            \t\t\t\t\t\t\t\t\t\t<\/div> <!-- wk-body -->\n\n\n\t\t\t\t\t\t\t\t\n\t\t\t            <\/div> <!-- wk-card -->\n\t\t           <!--  <\/div> -->\n\t\t        <\/div> <!-- tags -->\n\t        \t  \t\t\t\t\t        <div class=\"_4763285\">\n\t\t        <!-- \t<div class=\"\"> -->\n\t\t\t            <div class=\"wk-gallery-card wk-position-relative  wk-overflow-hidden square content-overlay\">\n\n\t\t\t\t\t\t\t\n\t\t\t\t\t            \t\t\t\t\t            \t<img decoding=\"async\" width=\"1000\" height=\"667\" src=\"https:\/\/fabrique.gaengeviertel.de\/wp-content\/uploads\/2020\/03\/FABRIQUE_2020-Shoot_033-e1586944067401.jpg\" class=\"attachment-full size-full\" alt=\"MOM Art Space\" \/>\t\t\t\t\t            \n\t\t\t\t\t            <div class=\"wk-padding-small wk-position-absolute wk-position-center wk-text-center wk-gallery-body\">\n\t\t\t\t\t\t               \t\t\t\t\t\t           \t\t<a href=\"https:\/\/fabrique.gaengeviertel.de\/index.php\/mom-art-space\/\" nofollow=\"nofollow\">\n\t\t\t\t\t\t            \t\t<h5 class=\"wk-text-medium wk-margin-small wk-card-title\"> MOM Art Space\t\t\t\t\t\t            \t\t<\/h5>\n\t\t\t\t\t\t\t\t\t\t<\/a>\n\t\t\t\t\t\t\t\t\t\t\t\t\t\t\t\t            \t\t\t\t\t\t\t            \t\t<p class=\"wk-text-desc wk-margin-remove wk-padding-small wk-padding-remove-top\">\n\t\t\t\t\t\t            \t\t\tEG Nord | Hier lassen sich Kunst-, Video- und Soundausstellungen sowie Performances realisieren.<\/p>\t\n\t\t\t\t\t\t            \t\n\t\t\t\t\t\t            \t\t\t\t\t\t\t\t\t\t<\/div> <!-- wk-body -->\n\n\n\t\t\t\t\t\t\t\t\n\t\t\t            <\/div> <!-- wk-card -->\n\t\t           <!--  <\/div> -->\n\t\t        <\/div> <!-- tags -->\n\t        \t  \t\t\t\t\t        <div class=\"_4763285\">\n\t\t        <!-- \t<div class=\"\"> -->\n\t\t\t            <div class=\"wk-gallery-card wk-position-relative  wk-overflow-hidden square content-overlay\">\n\n\t\t\t\t\t\t\t\n\t\t\t\t\t            \t\t\t\t\t            \t<img decoding=\"async\" width=\"1000\" height=\"667\" src=\"https:\/\/fabrique.gaengeviertel.de\/wp-content\/uploads\/2020\/03\/FABRIQUE_2020-Shoot_085-e1586944110931.jpg\" class=\"attachment-full size-full\" alt=\"Farbfabrique\" \/>\t\t\t\t\t            \n\t\t\t\t\t            <div class=\"wk-padding-small wk-position-absolute wk-position-center wk-text-center wk-gallery-body\">\n\t\t\t\t\t\t               \t\t\t\t\t\t           \t\t<a href=\"https:\/\/fabrique.gaengeviertel.de\/index.php\/farbfabrique\/\" nofollow=\"nofollow\">\n\t\t\t\t\t\t            \t\t<h5 class=\"wk-text-medium wk-margin-small wk-card-title\"> Farbfabrique\t\t\t\t\t\t            \t\t<\/h5>\n\t\t\t\t\t\t\t\t\t\t<\/a>\n\t\t\t\t\t\t\t\t\t\t\t\t\t\t\t\t            \t\t\t\t\t\t\t            \t\t<p class=\"wk-text-desc wk-margin-remove wk-padding-small wk-padding-remove-top\">\n\t\t\t\t\t\t            \t\t\t1. OG S\u00fcd | Siebdruck- und Kunstwerkstatt.<\/p>\t\n\t\t\t\t\t\t            \t\n\t\t\t\t\t\t            \t\t\t\t\t\t\t\t\t\t<\/div> <!-- wk-body -->\n\n\n\t\t\t\t\t\t\t\t\n\t\t\t            <\/div> <!-- wk-card -->\n\t\t           <!--  <\/div> -->\n\t\t        <\/div> <!-- tags -->\n\t        \t  \t\t\t\t\t        <div class=\"_4763285\">\n\t\t        <!-- \t<div class=\"\"> -->\n\t\t\t            <div class=\"wk-gallery-card wk-position-relative  wk-overflow-hidden square content-overlay\">\n\n\t\t\t\t\t\t\t\n\t\t\t\t\t            \t\t\t\t\t            \t<img loading=\"lazy\" decoding=\"async\" width=\"1000\" height=\"667\" src=\"https:\/\/fabrique.gaengeviertel.de\/wp-content\/uploads\/2020\/03\/FABRIQUE_2020-Shoot_112-e1586944096725.jpg\" class=\"attachment-full size-full\" alt=\"Amargi\" \/>\t\t\t\t\t            \n\t\t\t\t\t            <div class=\"wk-padding-small wk-position-absolute wk-position-center wk-text-center wk-gallery-body\">\n\t\t\t\t\t\t               \t\t\t\t\t\t           \t\t<a href=\"https:\/\/fabrique.gaengeviertel.de\/index.php\/amargi\/\" nofollow=\"nofollow\">\n\t\t\t\t\t\t            \t\t<h5 class=\"wk-text-medium wk-margin-small wk-card-title\"> Amargi\t\t\t\t\t\t            \t\t<\/h5>\n\t\t\t\t\t\t\t\t\t\t<\/a>\n\t\t\t\t\t\t\t\t\t\t\t\t\t\t\t\t            \t\t\t\t\t\t\t            \t\t<p class=\"wk-text-desc wk-margin-remove wk-padding-small wk-padding-remove-top\">\n\t\t\t\t\t\t            \t\t\t1. OG Nord | Mehr als nur ein Restaurant: Vegane K\u00fcche, Catering, Projekt- und Begegnungsraum.<\/p>\t\n\t\t\t\t\t\t            \t\n\t\t\t\t\t\t            \t\t\t\t\t\t\t\t\t\t<\/div> <!-- wk-body -->\n\n\n\t\t\t\t\t\t\t\t\n\t\t\t            <\/div> <!-- wk-card -->\n\t\t           <!--  <\/div> -->\n\t\t        <\/div> <!-- tags -->\n\t        \t  \t\t\t\t\t        <div class=\"_4763285\">\n\t\t        <!-- \t<div class=\"\"> -->\n\t\t\t            <div class=\"wk-gallery-card wk-position-relative  wk-overflow-hidden square content-overlay\">\n\n\t\t\t\t\t\t\t\n\t\t\t\t\t            \t\t\t\t\t            \t<img loading=\"lazy\" decoding=\"async\" width=\"1000\" height=\"667\" src=\"https:\/\/fabrique.gaengeviertel.de\/wp-content\/uploads\/2020\/03\/FABRIQUE_2020-Shoot_040-e1586944132913.jpg\" class=\"attachment-full size-full\" alt=\"Bewegungsraum\" \/>\t\t\t\t\t            \n\t\t\t\t\t            <div class=\"wk-padding-small wk-position-absolute wk-position-center wk-text-center wk-gallery-body\">\n\t\t\t\t\t\t               \t\t\t\t\t\t           \t\t<a href=\"https:\/\/fabrique.gaengeviertel.de\/index.php\/bewegungsraum\/\" nofollow=\"nofollow\">\n\t\t\t\t\t\t            \t\t<h5 class=\"wk-text-medium wk-margin-small wk-card-title\"> Bewegungsraum\t\t\t\t\t\t            \t\t<\/h5>\n\t\t\t\t\t\t\t\t\t\t<\/a>\n\t\t\t\t\t\t\t\t\t\t\t\t\t\t\t\t            \t\t\t\t\t\t\t            \t\t<p class=\"wk-text-desc wk-margin-remove wk-padding-small wk-padding-remove-top\">\n\t\t\t\t\t\t            \t\t\t2. OG S\u00fcd | Atelier f\u00fcr Training, Forschung, Kommunikation und Bewegungsk\u00fcnste aller Art.<\/p>\t\n\t\t\t\t\t\t            \t\n\t\t\t\t\t\t            \t\t\t\t\t\t\t\t\t\t<\/div> <!-- wk-body -->\n\n\n\t\t\t\t\t\t\t\t\n\t\t\t            <\/div> <!-- wk-card -->\n\t\t           <!--  <\/div> -->\n\t\t        <\/div> <!-- tags -->\n\t        \t  \t\t\t\t\t        <div class=\"_4763285\">\n\t\t        <!-- \t<div class=\"\"> -->\n\t\t\t            <div class=\"wk-gallery-card wk-position-relative  wk-overflow-hidden square content-overlay\">\n\n\t\t\t\t\t\t\t\n\t\t\t\t\t            \t\t\t\t\t            \t<img loading=\"lazy\" decoding=\"async\" width=\"1000\" height=\"667\" src=\"https:\/\/fabrique.gaengeviertel.de\/wp-content\/uploads\/2020\/03\/FABRIQUE_2020-Shoot_062_resized-e1586944352220.jpg\" class=\"attachment-full size-full\" alt=\"Freies Sender Kombinat\" \/>\t\t\t\t\t            \n\t\t\t\t\t            <div class=\"wk-padding-small wk-position-absolute wk-position-center wk-text-center wk-gallery-body\">\n\t\t\t\t\t\t               \t\t\t\t\t\t           \t\t<a href=\"https:\/\/fabrique.gaengeviertel.de\/index.php\/freies-sender-kombinat\/\" nofollow=\"nofollow\">\n\t\t\t\t\t\t            \t\t<h5 class=\"wk-text-medium wk-margin-small wk-card-title\"> Freies Sender Kombinat\t\t\t\t\t\t            \t\t<\/h5>\n\t\t\t\t\t\t\t\t\t\t<\/a>\n\t\t\t\t\t\t\t\t\t\t\t\t\t\t\t\t            \t\t\t\t\t\t\t            \t\t<p class=\"wk-text-desc wk-margin-remove wk-padding-small wk-padding-remove-top\">\n\t\t\t\t\t\t            \t\t\t2. &amp; 3. OG Nord | Ein freies, nicht-kommerzielles Radio!<\/p>\t\n\t\t\t\t\t\t            \t\n\t\t\t\t\t\t            \t\t\t\t\t\t\t\t\t\t<\/div> <!-- wk-body -->\n\n\n\t\t\t\t\t\t\t\t\n\t\t\t            <\/div> <!-- wk-card -->\n\t\t           <!--  <\/div> -->\n\t\t        <\/div> <!-- tags -->\n\t        \t  \t\t\t\t\t        <div class=\"_4763285\">\n\t\t        <!-- \t<div class=\"\"> -->\n\t\t\t            <div class=\"wk-gallery-card wk-position-relative  wk-overflow-hidden square content-overlay\">\n\n\t\t\t\t\t\t\t\n\t\t\t\t\t            \t\t\t\t\t            \t<img loading=\"lazy\" decoding=\"async\" width=\"1000\" height=\"667\" src=\"https:\/\/fabrique.gaengeviertel.de\/wp-content\/uploads\/2020\/03\/FABRIQUE_2020-Shoot_075-e1586944146412.jpg\" class=\"attachment-full size-full\" alt=\"Probeb\u00fchne\" \/>\t\t\t\t\t            \n\t\t\t\t\t            <div class=\"wk-padding-small wk-position-absolute wk-position-center wk-text-center wk-gallery-body\">\n\t\t\t\t\t\t               \t\t\t\t\t\t           \t\t<a href=\"https:\/\/fabrique.gaengeviertel.de\/index.php\/probebuehne\/\" nofollow=\"nofollow\">\n\t\t\t\t\t\t            \t\t<h5 class=\"wk-text-medium wk-margin-small wk-card-title\"> Probeb\u00fchne\t\t\t\t\t\t            \t\t<\/h5>\n\t\t\t\t\t\t\t\t\t\t<\/a>\n\t\t\t\t\t\t\t\t\t\t\t\t\t\t\t\t            \t\t\t\t\t\t\t            \t\t<p class=\"wk-text-desc wk-margin-remove wk-padding-small wk-padding-remove-top\">\n\t\t\t\t\t\t            \t\t\t3. OG S\u00fcd | Erschwinglicher Proberaum f\u00fcr unterschiedlichste Darstellungs- Performance- und Theaterformen.<\/p>\t\n\t\t\t\t\t\t            \t\n\t\t\t\t\t\t            \t\t\t\t\t\t\t\t\t\t<\/div> <!-- wk-body -->\n\n\n\t\t\t\t\t\t\t\t\n\t\t\t            <\/div> <!-- wk-card -->\n\t\t           <!--  <\/div> -->\n\t\t        <\/div> <!-- tags -->\n\t        \t  \t\t\t\t\t        <div class=\"_4763285\">\n\t\t        <!-- \t<div class=\"\"> -->\n\t\t\t            <div class=\"wk-gallery-card wk-position-relative  wk-overflow-hidden square content-overlay\">\n\n\t\t\t\t\t\t\t\n\t\t\t\t\t            \t\t\t\t\t            \t<img loading=\"lazy\" decoding=\"async\" width=\"1000\" height=\"667\" src=\"https:\/\/fabrique.gaengeviertel.de\/wp-content\/uploads\/2020\/03\/FABRIQUE_2020-Shoot_116-e1586944159682.jpg\" class=\"attachment-full size-full\" alt=\"Fotofabrique\" \/>\t\t\t\t\t            \n\t\t\t\t\t            <div class=\"wk-padding-small wk-position-absolute wk-position-center wk-text-center wk-gallery-body\">\n\t\t\t\t\t\t               \t\t\t\t\t\t           \t\t<a href=\"https:\/\/fabrique.gaengeviertel.de\/index.php\/fotofabrique\/\" nofollow=\"nofollow\">\n\t\t\t\t\t\t            \t\t<h5 class=\"wk-text-medium wk-margin-small wk-card-title\"> Fotofabrique\t\t\t\t\t\t            \t\t<\/h5>\n\t\t\t\t\t\t\t\t\t\t<\/a>\n\t\t\t\t\t\t\t\t\t\t\t\t\t\t\t\t            \t\t\t\t\t\t\t            \t\t<p class=\"wk-text-desc wk-margin-remove wk-padding-small wk-padding-remove-top\">\n\t\t\t\t\t\t            \t\t\t4. OG S\u00fcd | Gemeinschafts- und Mietstudio.<\/p>\t\n\t\t\t\t\t\t            \t\n\t\t\t\t\t\t            \t\t\t\t\t\t\t\t\t\t<\/div> <!-- wk-body -->\n\n\n\t\t\t\t\t\t\t\t\n\t\t\t            <\/div> <!-- wk-card -->\n\t\t           <!--  <\/div> -->\n\t\t        <\/div> <!-- tags -->\n\t        \t  \t\t\t\t\t        <div class=\"_4763285\">\n\t\t        <!-- \t<div class=\"\"> -->\n\t\t\t            <div class=\"wk-gallery-card wk-position-relative  wk-overflow-hidden square content-overlay\">\n\n\t\t\t\t\t\t\t\n\t\t\t\t\t            \t\t\t\t\t            \t<img loading=\"lazy\" decoding=\"async\" width=\"1000\" height=\"667\" src=\"https:\/\/fabrique.gaengeviertel.de\/wp-content\/uploads\/2020\/03\/FABRIQUE_2020-Shoot_132-e1586944180109.jpg\" class=\"attachment-full size-full\" alt=\"Seminarraum\" \/>\t\t\t\t\t            \n\t\t\t\t\t            <div class=\"wk-padding-small wk-position-absolute wk-position-center wk-text-center wk-gallery-body\">\n\t\t\t\t\t\t               \t\t\t\t\t\t           \t\t<a href=\"https:\/\/fabrique.gaengeviertel.de\/index.php\/seminarraum\/\" nofollow=\"nofollow\">\n\t\t\t\t\t\t            \t\t<h5 class=\"wk-text-medium wk-margin-small wk-card-title\"> Seminarraum\t\t\t\t\t\t            \t\t<\/h5>\n\t\t\t\t\t\t\t\t\t\t<\/a>\n\t\t\t\t\t\t\t\t\t\t\t\t\t\t\t\t            \t\t\t\t\t\t\t            \t\t<p class=\"wk-text-desc wk-margin-remove wk-padding-small wk-padding-remove-top\">\n\t\t\t\t\t\t            \t\t\t4. OG Nord | Raum f\u00fcr \u00e4sthetische und politische Bildung sowie f\u00fcr Reflexion des eigenen und gemeinschaftlichen Handelns und Schaffens.<\/p>\t\n\t\t\t\t\t\t            \t\n\t\t\t\t\t\t            \t\t\t\t\t\t\t\t\t\t<\/div> <!-- wk-body -->\n\n\n\t\t\t\t\t\t\t\t\n\t\t\t            <\/div> <!-- wk-card -->\n\t\t           <!--  <\/div> -->\n\t\t        <\/div> <!-- tags -->\n\t        \t    <\/div>  <!-- contents -->\n\t<\/div> <!-- target -->\n\n    <script>\n        jQuery(function($){\n            if(!$('body').hasClass('wk-gallery')){\n                $('body').addClass('wk-gallery');\n            }\n        });\n    <\/script>\n\t\t\t\t<\/div>\n\t\t\t\t<\/div>\n\t\t\t\t<div class=\"elementor-element elementor-element-ec1e586 elementor-widget elementor-widget-spacer\" data-id=\"ec1e586\" data-element_type=\"widget\" data-widget_type=\"spacer.default\">\n\t\t\t\t<div class=\"elementor-widget-container\">\n\t\t\t\t\t\t\t<div class=\"elementor-spacer\">\n\t\t\t<div class=\"elementor-spacer-inner\"><\/div>\n\t\t<\/div>\n\t\t\t\t\t\t<\/div>\n\t\t\t\t<\/div>\n\t\t\t\t<div class=\"elementor-element elementor-element-d74bead elementor-widget-divider--view-line elementor-widget elementor-widget-divider\" data-id=\"d74bead\" data-element_type=\"widget\" data-widget_type=\"divider.default\">\n\t\t\t\t<div class=\"elementor-widget-container\">\n\t\t\t\t\t\t\t<div class=\"elementor-divider\">\n\t\t\t<span class=\"elementor-divider-separator\">\n\t\t\t\t\t\t<\/span>\n\t\t<\/div>\n\t\t\t\t\t\t<\/div>\n\t\t\t\t<\/div>\n\t\t\t\t\t<\/div>\n\t\t<\/div>\n\t\t\t\t\t<\/div>\n\t\t<\/section>\n\t\t\t\t<\/div>\n\t\t","protected":false},"excerpt":{"rendered":"<p>Die 1903 erbaute FABRIQUE ist das soziokulturelle Herzst\u00fcck des G\u00e4ngeviertels. Auf f\u00fcnf Stockwerken gibt es hier zehn Nutzungseinheiten, deren R\u00e4umlichkeiten die verschiedensten M\u00f6glichkeiten bieten. Egal [&#8230;]<\/p>\n","protected":false},"author":2,"featured_media":0,"parent":0,"menu_order":0,"comment_status":"closed","ping_status":"closed","template":"","meta":{"footnotes":""},"class_list":["post-127","page","type-page","status-publish","hentry"],"_links":{"self":[{"href":"https:\/\/fabrique.gaengeviertel.de\/index.php\/wp-json\/wp\/v2\/pages\/127","targetHints":{"allow":["GET"]}}],"collection":[{"href":"https:\/\/fabrique.gaengeviertel.de\/index.php\/wp-json\/wp\/v2\/pages"}],"about":[{"href":"https:\/\/fabrique.gaengeviertel.de\/index.php\/wp-json\/wp\/v2\/types\/page"}],"author":[{"embeddable":true,"href":"https:\/\/fabrique.gaengeviertel.de\/index.php\/wp-json\/wp\/v2\/users\/2"}],"replies":[{"embeddable":true,"href":"https:\/\/fabrique.gaengeviertel.de\/index.php\/wp-json\/wp\/v2\/comments?post=127"}],"version-history":[{"count":55,"href":"https:\/\/fabrique.gaengeviertel.de\/index.php\/wp-json\/wp\/v2\/pages\/127\/revisions"}],"predecessor-version":[{"id":967,"href":"https:\/\/fabrique.gaengeviertel.de\/index.php\/wp-json\/wp\/v2\/pages\/127\/revisions\/967"}],"wp:attachment":[{"href":"https:\/\/fabrique.gaengeviertel.de\/index.php\/wp-json\/wp\/v2\/media?parent=127"}],"curies":[{"name":"wp","href":"https:\/\/api.w.org\/{rel}","templated":true}]}}