{"id":27,"date":"2020-03-25T15:49:39","date_gmt":"2020-03-25T15:49:39","guid":{"rendered":"https:\/\/fabrique.gaengeviertel.de\/?page_id=27"},"modified":"2020-04-29T17:44:51","modified_gmt":"2020-04-29T17:44:51","slug":"fotofabrique","status":"publish","type":"page","link":"https:\/\/fabrique.gaengeviertel.de\/index.php\/fotofabrique\/","title":{"rendered":"Fotofabrique"},"content":{"rendered":"\t\t<div data-elementor-type=\"wp-page\" data-elementor-id=\"27\" class=\"elementor elementor-27\">\n\t\t\t\t\t\t<section class=\"elementor-section elementor-top-section elementor-element elementor-element-fa1b381 elementor-section-boxed elementor-section-height-default elementor-section-height-default\" data-id=\"fa1b381\" data-element_type=\"section\">\n\t\t\t\t\t\t<div class=\"elementor-container elementor-column-gap-default\">\n\t\t\t\t\t<div class=\"elementor-column elementor-col-50 elementor-top-column elementor-element elementor-element-a91832a\" data-id=\"a91832a\" data-element_type=\"column\">\n\t\t\t<div class=\"elementor-widget-wrap elementor-element-populated\">\n\t\t\t\t\t\t<div class=\"elementor-element elementor-element-865db9e elementor-widget elementor-widget-heading\" data-id=\"865db9e\" data-element_type=\"widget\" data-widget_type=\"heading.default\">\n\t\t\t\t<div class=\"elementor-widget-container\">\n\t\t\t\t\t<h2 class=\"elementor-heading-title elementor-size-default\">Die FotoFabrique ist ein Miet- und Gemeinschafts-studio!<\/h2>\t\t\t\t<\/div>\n\t\t\t\t<\/div>\n\t\t\t\t<div class=\"elementor-element elementor-element-4dbcdc9 elementor-widget elementor-widget-text-editor\" data-id=\"4dbcdc9\" data-element_type=\"widget\" data-widget_type=\"text-editor.default\">\n\t\t\t\t<div class=\"elementor-widget-container\">\n\t\t\t\t\t\t\t\t\t<p>Die FotoFabrique ist ein&nbsp; Kollektiv, das im Rahmen des G\u00e4ngeviertels und dessen Zielen ein Gemeinschaftsstudio betreibt. Die etwa 150m\u00b2 gro\u00dfe FotoFabrique im G\u00e4ngeviertel kann f\u00fcr verschiedene Veranstaltungen, insbesondere aber f\u00fcr Fotoshootings von externen Fotok\u00fcnstler*Innen, Amateur*Innen, Interessierten und Mitgliedern des Vereins, sowie von professionellen Fotografen*Innen genutzt werden. Fur eine offene&nbsp; Nutzung werden Workshops (Schulklassen, Interessierte, Fotovereine, VHS) angeboten.<\/p>\t\t\t\t\t\t\t\t<\/div>\n\t\t\t\t<\/div>\n\t\t\t\t\t<\/div>\n\t\t<\/div>\n\t\t\t\t<div class=\"elementor-column elementor-col-50 elementor-top-column elementor-element elementor-element-3f6dacd\" data-id=\"3f6dacd\" data-element_type=\"column\">\n\t\t\t<div class=\"elementor-widget-wrap elementor-element-populated\">\n\t\t\t\t\t\t<div class=\"elementor-element elementor-element-8595d95 elementor-widget elementor-widget-text-editor\" data-id=\"8595d95\" data-element_type=\"widget\" data-widget_type=\"text-editor.default\">\n\t\t\t\t<div class=\"elementor-widget-container\">\n\t\t\t\t\t\t\t\t\t<p>Den Fotok\u00fcnstlerInnen des G\u00e4ngeviertels wird die Gelegenheit gegeben, ihre Werke zu verwirklichen, zu bearbeiten und auszustellen.<\/p><p><span class=\"fontstyle0\">Damit die FotoFabrique dem Viertel als Fotostudio nicht auf der Tasche liegt, sich selbst tr\u00e4gt und langfristig Gelder f\u00fcr die Verbesserung der Infrastruktur des G\u00e4ngeviertels bereitstellt, wird eine Studiomiete verlangt, die sich nach dem jeweiligen Vorhaben richtet. <\/span>Weitere Infos findet Ihr auf der\u00a0<a href=\"http:\/\/fotofabrique.de\/\">Website der Fotofabrique.<\/a><\/p>\t\t\t\t\t\t\t\t<\/div>\n\t\t\t\t<\/div>\n\t\t\t\t\t<\/div>\n\t\t<\/div>\n\t\t\t\t\t<\/div>\n\t\t<\/section>\n\t\t\t\t<section class=\"elementor-section elementor-top-section elementor-element elementor-element-8c02fb3 elementor-section-boxed elementor-section-height-default elementor-section-height-default\" data-id=\"8c02fb3\" data-element_type=\"section\">\n\t\t\t\t\t\t<div class=\"elementor-container elementor-column-gap-default\">\n\t\t\t\t\t<div class=\"elementor-column elementor-col-100 elementor-top-column elementor-element elementor-element-8a52ed7\" data-id=\"8a52ed7\" data-element_type=\"column\">\n\t\t\t<div class=\"elementor-widget-wrap elementor-element-populated\">\n\t\t\t\t\t\t<div class=\"elementor-element elementor-element-af891f5 elementor-widget elementor-widget-spacer\" data-id=\"af891f5\" data-element_type=\"widget\" data-widget_type=\"spacer.default\">\n\t\t\t\t<div class=\"elementor-widget-container\">\n\t\t\t\t\t\t\t<div class=\"elementor-spacer\">\n\t\t\t<div class=\"elementor-spacer-inner\"><\/div>\n\t\t<\/div>\n\t\t\t\t\t\t<\/div>\n\t\t\t\t<\/div>\n\t\t\t\t\t<\/div>\n\t\t<\/div>\n\t\t\t\t\t<\/div>\n\t\t<\/section>\n\t\t\t\t<section class=\"elementor-section elementor-top-section elementor-element elementor-element-773e019 elementor-section-boxed elementor-section-height-default elementor-section-height-default\" data-id=\"773e019\" data-element_type=\"section\">\n\t\t\t\t\t\t<div class=\"elementor-container elementor-column-gap-default\">\n\t\t\t\t\t<div class=\"elementor-column elementor-col-33 elementor-top-column elementor-element elementor-element-61581c7\" data-id=\"61581c7\" data-element_type=\"column\">\n\t\t\t<div class=\"elementor-widget-wrap elementor-element-populated\">\n\t\t\t\t\t\t<div class=\"elementor-element elementor-element-a313429 elementor-widget elementor-widget-heading\" data-id=\"a313429\" data-element_type=\"widget\" data-widget_type=\"heading.default\">\n\t\t\t\t<div class=\"elementor-widget-container\">\n\t\t\t\t\t<h2 class=\"elementor-heading-title elementor-size-default\">Ausstattung<\/h2>\t\t\t\t<\/div>\n\t\t\t\t<\/div>\n\t\t\t\t<div class=\"elementor-element elementor-element-5e7ffe2 elementor-widget elementor-widget-text-editor\" data-id=\"5e7ffe2\" data-element_type=\"widget\" data-widget_type=\"text-editor.default\">\n\t\t\t\t<div class=\"elementor-widget-container\">\n\t\t\t\t\t\t\t\t\t<ul>\n<li>ca. 150m\u00b2<\/li>\n<li><span style=\"background-color: var(--page-background-color);\">Mobiler Schminktisch<\/span><\/li>\n<li>Esstisch f\u00fcr ca. 10 Personen<\/li>\n<li>K\u00fcchenzeile \/ Bar mit Espressomaschine<\/li>\n<li>Sp\u00fclmaschine und Herd<\/li>\n<li>Sofaecke<\/li>\n<li>WC &amp; Dusche<\/li>\n<li>Paravent<\/li>\n<li>Stereoanlage<\/li>\n<li><strong>Auf Anfrage:<\/strong> Stative, Kabel, Kleiderst\u00e4nder, B\u00fcgeleisen \/ Steamer, B\u00fcgelbrett, Styros, Hintergrundrollen. Catering, Fotoassistenz<\/li>\n<\/ul>\t\t\t\t\t\t\t\t<\/div>\n\t\t\t\t<\/div>\n\t\t\t\t\t<\/div>\n\t\t<\/div>\n\t\t\t\t<div class=\"elementor-column elementor-col-66 elementor-top-column elementor-element elementor-element-81f8af2\" data-id=\"81f8af2\" data-element_type=\"column\">\n\t\t\t<div class=\"elementor-widget-wrap elementor-element-populated\">\n\t\t\t\t\t\t<div class=\"elementor-element elementor-element-e3d4700 elementor-arrows-position-inside elementor-widget elementor-widget-image-carousel\" data-id=\"e3d4700\" data-element_type=\"widget\" data-settings=\"{&quot;slides_to_show&quot;:&quot;1&quot;,&quot;navigation&quot;:&quot;arrows&quot;,&quot;speed&quot;:300,&quot;autoplay&quot;:&quot;yes&quot;,&quot;pause_on_hover&quot;:&quot;yes&quot;,&quot;pause_on_interaction&quot;:&quot;yes&quot;,&quot;autoplay_speed&quot;:5000,&quot;infinite&quot;:&quot;yes&quot;,&quot;effect&quot;:&quot;slide&quot;}\" data-widget_type=\"image-carousel.default\">\n\t\t\t\t<div class=\"elementor-widget-container\">\n\t\t\t\t\t\t\t<div class=\"elementor-image-carousel-wrapper swiper\" role=\"region\" aria-roledescription=\"carousel\" aria-label=\"Bild Karussell\" dir=\"ltr\">\n\t\t\t<div class=\"elementor-image-carousel swiper-wrapper\" aria-live=\"off\">\n\t\t\t\t\t\t\t\t<div class=\"swiper-slide\" role=\"group\" aria-roledescription=\"slide\" aria-label=\"1 von 3\"><figure class=\"swiper-slide-inner\"><img decoding=\"async\" class=\"swiper-slide-image\" src=\"https:\/\/fabrique.gaengeviertel.de\/wp-content\/uploads\/2020\/04\/FABRIQUE_2020-Shoot_115-1536x1024.jpg\" alt=\"Copyright: Eric Anders Photography\" \/><\/figure><\/div><div class=\"swiper-slide\" role=\"group\" aria-roledescription=\"slide\" aria-label=\"2 von 3\"><figure class=\"swiper-slide-inner\"><img decoding=\"async\" class=\"swiper-slide-image\" src=\"https:\/\/fabrique.gaengeviertel.de\/wp-content\/uploads\/2020\/04\/FABRIQUE_2020-Shoot_116-1536x1024.jpg\" alt=\"Copyright: Eric Anders Photography\" \/><\/figure><\/div><div class=\"swiper-slide\" role=\"group\" aria-roledescription=\"slide\" aria-label=\"3 von 3\"><figure class=\"swiper-slide-inner\"><img decoding=\"async\" class=\"swiper-slide-image\" src=\"https:\/\/fabrique.gaengeviertel.de\/wp-content\/uploads\/2020\/04\/FABRIQUE_2020-Shoot_117-1536x1024.jpg\" alt=\"Copyright: Eric Anders Photography\" \/><\/figure><\/div>\t\t\t<\/div>\n\t\t\t\t\t\t\t\t\t\t\t\t<div class=\"elementor-swiper-button elementor-swiper-button-prev\" role=\"button\" tabindex=\"0\">\n\t\t\t\t\t\t<i aria-hidden=\"true\" class=\"eicon-chevron-left\"><\/i>\t\t\t\t\t<\/div>\n\t\t\t\t\t<div class=\"elementor-swiper-button elementor-swiper-button-next\" role=\"button\" tabindex=\"0\">\n\t\t\t\t\t\t<i aria-hidden=\"true\" class=\"eicon-chevron-right\"><\/i>\t\t\t\t\t<\/div>\n\t\t\t\t\n\t\t\t\t\t\t\t\t\t<\/div>\n\t\t\t\t\t\t<\/div>\n\t\t\t\t<\/div>\n\t\t\t\t\t<\/div>\n\t\t<\/div>\n\t\t\t\t\t<\/div>\n\t\t<\/section>\n\t\t\t\t<section class=\"elementor-section elementor-top-section elementor-element elementor-element-b82a92f elementor-section-boxed elementor-section-height-default elementor-section-height-default\" data-id=\"b82a92f\" data-element_type=\"section\">\n\t\t\t\t\t\t<div class=\"elementor-container elementor-column-gap-default\">\n\t\t\t\t\t<div class=\"elementor-column elementor-col-100 elementor-top-column elementor-element elementor-element-abffbb4\" data-id=\"abffbb4\" data-element_type=\"column\">\n\t\t\t<div class=\"elementor-widget-wrap elementor-element-populated\">\n\t\t\t\t\t\t<div class=\"elementor-element elementor-element-ba48615 elementor-widget elementor-widget-spacer\" data-id=\"ba48615\" data-element_type=\"widget\" data-widget_type=\"spacer.default\">\n\t\t\t\t<div class=\"elementor-widget-container\">\n\t\t\t\t\t\t\t<div class=\"elementor-spacer\">\n\t\t\t<div class=\"elementor-spacer-inner\"><\/div>\n\t\t<\/div>\n\t\t\t\t\t\t<\/div>\n\t\t\t\t<\/div>\n\t\t\t\t\t<\/div>\n\t\t<\/div>\n\t\t\t\t\t<\/div>\n\t\t<\/section>\n\t\t\t\t<section class=\"elementor-section elementor-top-section elementor-element elementor-element-0ed325c elementor-section-boxed elementor-section-height-default elementor-section-height-default\" data-id=\"0ed325c\" data-element_type=\"section\">\n\t\t\t\t\t\t<div class=\"elementor-container elementor-column-gap-default\">\n\t\t\t\t\t<div class=\"elementor-column elementor-col-66 elementor-top-column elementor-element elementor-element-b80acad\" data-id=\"b80acad\" data-element_type=\"column\">\n\t\t\t<div class=\"elementor-widget-wrap elementor-element-populated\">\n\t\t\t\t\t\t<div class=\"elementor-element elementor-element-f34944c elementor-widget elementor-widget-heading\" data-id=\"f34944c\" data-element_type=\"widget\" data-widget_type=\"heading.default\">\n\t\t\t\t<div class=\"elementor-widget-container\">\n\t\t\t\t\t<h2 class=\"elementor-heading-title elementor-size-default\">Du m\u00f6chtest die FotoFabrique nutzen?<\/h2>\t\t\t\t<\/div>\n\t\t\t\t<\/div>\n\t\t\t\t<div class=\"elementor-element elementor-element-deb4ac6 elementor-widget elementor-widget-text-editor\" data-id=\"deb4ac6\" data-element_type=\"widget\" data-widget_type=\"text-editor.default\">\n\t\t\t\t<div class=\"elementor-widget-container\">\n\t\t\t\t\t\t\t\t\t<p>Das Studio kann f\u00fcr verschiedene Nutzungen gebucht werden. Die Studiomiete berechnet sich an eurem Vorhaben. Es gibt verschiedene Preise f\u00fcr Tests, Redaktion und Werbung. Zus\u00e4tzlich zur Raummiete berechnen wir pro Tag den individuellen Stromverbrauch (zzgl. 19% MwSt) und eine Putzpauschale von 15,- (zzgl. 19% MwSt). Die Miete kann \u00fcberwiesen oder am Tag des Shootings in bar bezahlt werden.<\/p><p>Bei Interesse, schickt uns eine Mail mit Eurem Vorhaben, Telefonnummer und Wunschdatum und -Uhrzeit der Nutzung. Weitere Infos findet Ihr auf der <a href=\"http:\/\/fotofabrique.de\/\">Website der Fotofabrique.<\/a><\/p>\t\t\t\t\t\t\t\t<\/div>\n\t\t\t\t<\/div>\n\t\t\t\t\t<\/div>\n\t\t<\/div>\n\t\t\t\t<div class=\"elementor-column elementor-col-33 elementor-top-column elementor-element elementor-element-d96c0cd\" data-id=\"d96c0cd\" data-element_type=\"column\">\n\t\t\t<div class=\"elementor-widget-wrap elementor-element-populated\">\n\t\t\t\t\t\t<div class=\"elementor-element elementor-element-d1226bc elementor-widget elementor-widget-image\" data-id=\"d1226bc\" data-element_type=\"widget\" data-widget_type=\"image.default\">\n\t\t\t\t<div class=\"elementor-widget-container\">\n\t\t\t\t\t\t\t\t\t\t\t\t\t\t\t\t<a href=\"https:\/\/fotofabrique.de\/\">\n\t\t\t\t\t\t\t<img decoding=\"async\" width=\"232\" height=\"191\" src=\"https:\/\/fabrique.gaengeviertel.de\/wp-content\/uploads\/2020\/04\/fotofabrique.png\" class=\"attachment-medium_large size-medium_large wp-image-361\" alt=\"\" \/>\t\t\t\t\t\t\t\t<\/a>\n\t\t\t\t\t\t\t\t\t\t\t\t\t\t\t<\/div>\n\t\t\t\t<\/div>\n\t\t\t\t<div class=\"elementor-element elementor-element-cd7d5f0 elementor-shape-rounded elementor-grid-0 e-grid-align-center elementor-widget elementor-widget-social-icons\" data-id=\"cd7d5f0\" data-element_type=\"widget\" data-widget_type=\"social-icons.default\">\n\t\t\t\t<div class=\"elementor-widget-container\">\n\t\t\t\t\t\t\t<div class=\"elementor-social-icons-wrapper elementor-grid\" role=\"list\">\n\t\t\t\t\t\t\t<span class=\"elementor-grid-item\" role=\"listitem\">\n\t\t\t\t\t<a class=\"elementor-icon elementor-social-icon elementor-social-icon-envelope elementor-repeater-item-d032c06\" href=\"mailto:info@fotofabrique.de\" target=\"_blank\">\n\t\t\t\t\t\t<span class=\"elementor-screen-only\">Envelope<\/span>\n\t\t\t\t\t\t<i aria-hidden=\"true\" class=\"far fa-envelope\"><\/i>\t\t\t\t\t<\/a>\n\t\t\t\t<\/span>\n\t\t\t\t\t\t\t<span class=\"elementor-grid-item\" role=\"listitem\">\n\t\t\t\t\t<a class=\"elementor-icon elementor-social-icon elementor-social-icon-facebook elementor-repeater-item-76bce7d\" href=\"https:\/\/www.facebook.com\/fotofabrique\" target=\"_blank\">\n\t\t\t\t\t\t<span class=\"elementor-screen-only\">Facebook<\/span>\n\t\t\t\t\t\t<i aria-hidden=\"true\" class=\"fab fa-facebook\"><\/i>\t\t\t\t\t<\/a>\n\t\t\t\t<\/span>\n\t\t\t\t\t\t\t<span class=\"elementor-grid-item\" role=\"listitem\">\n\t\t\t\t\t<a class=\"elementor-icon elementor-social-icon elementor-social-icon-link elementor-repeater-item-2b73212\" href=\"https:\/\/fotofabrique.de\/\" target=\"_blank\">\n\t\t\t\t\t\t<span class=\"elementor-screen-only\">Link<\/span>\n\t\t\t\t\t\t<i aria-hidden=\"true\" class=\"fas fa-link\"><\/i>\t\t\t\t\t<\/a>\n\t\t\t\t<\/span>\n\t\t\t\t\t<\/div>\n\t\t\t\t\t\t<\/div>\n\t\t\t\t<\/div>\n\t\t\t\t\t<\/div>\n\t\t<\/div>\n\t\t\t\t\t<\/div>\n\t\t<\/section>\n\t\t\t\t<\/div>\n\t\t","protected":false},"excerpt":{"rendered":"<p>Die FotoFabrique ist ein Miet- und Gemeinschafts-studio! Die FotoFabrique ist ein&nbsp; Kollektiv, das im Rahmen des G\u00e4ngeviertels und dessen Zielen ein Gemeinschaftsstudio betreibt. Die etwa [&#8230;]<\/p>\n","protected":false},"author":2,"featured_media":0,"parent":0,"menu_order":0,"comment_status":"closed","ping_status":"closed","template":"","meta":{"footnotes":""},"class_list":["post-27","page","type-page","status-publish","hentry"],"_links":{"self":[{"href":"https:\/\/fabrique.gaengeviertel.de\/index.php\/wp-json\/wp\/v2\/pages\/27","targetHints":{"allow":["GET"]}}],"collection":[{"href":"https:\/\/fabrique.gaengeviertel.de\/index.php\/wp-json\/wp\/v2\/pages"}],"about":[{"href":"https:\/\/fabrique.gaengeviertel.de\/index.php\/wp-json\/wp\/v2\/types\/page"}],"author":[{"embeddable":true,"href":"https:\/\/fabrique.gaengeviertel.de\/index.php\/wp-json\/wp\/v2\/users\/2"}],"replies":[{"embeddable":true,"href":"https:\/\/fabrique.gaengeviertel.de\/index.php\/wp-json\/wp\/v2\/comments?post=27"}],"version-history":[{"count":15,"href":"https:\/\/fabrique.gaengeviertel.de\/index.php\/wp-json\/wp\/v2\/pages\/27\/revisions"}],"predecessor-version":[{"id":620,"href":"https:\/\/fabrique.gaengeviertel.de\/index.php\/wp-json\/wp\/v2\/pages\/27\/revisions\/620"}],"wp:attachment":[{"href":"https:\/\/fabrique.gaengeviertel.de\/index.php\/wp-json\/wp\/v2\/media?parent=27"}],"curies":[{"name":"wp","href":"https:\/\/api.w.org\/{rel}","templated":true}]}}