{"id":28,"date":"2020-03-25T15:49:39","date_gmt":"2020-03-25T15:49:39","guid":{"rendered":"https:\/\/fabrique.gaengeviertel.de\/?page_id=28"},"modified":"2025-04-30T06:13:46","modified_gmt":"2025-04-30T06:13:46","slug":"seminarraum","status":"publish","type":"page","link":"https:\/\/fabrique.gaengeviertel.de\/index.php\/seminarraum\/","title":{"rendered":"Seminarraum"},"content":{"rendered":"\t\t<div data-elementor-type=\"wp-page\" data-elementor-id=\"28\" class=\"elementor elementor-28\">\n\t\t\t\t\t\t<section class=\"elementor-section elementor-top-section elementor-element elementor-element-89999fa elementor-section-boxed elementor-section-height-default elementor-section-height-default\" data-id=\"89999fa\" data-element_type=\"section\">\n\t\t\t\t\t\t<div class=\"elementor-container elementor-column-gap-default\">\n\t\t\t\t\t<div class=\"elementor-column elementor-col-50 elementor-top-column elementor-element elementor-element-1171ac1\" data-id=\"1171ac1\" data-element_type=\"column\">\n\t\t\t<div class=\"elementor-widget-wrap elementor-element-populated\">\n\t\t\t\t\t\t<div class=\"elementor-element elementor-element-631f3bd elementor-widget elementor-widget-heading\" data-id=\"631f3bd\" data-element_type=\"widget\" data-widget_type=\"heading.default\">\n\t\t\t\t<div class=\"elementor-widget-container\">\n\t\t\t\t\t<h2 class=\"elementor-heading-title elementor-size-default\">Der Seminarraum ist ein Ort des Lernens und der Begegnung<\/h2>\t\t\t\t<\/div>\n\t\t\t\t<\/div>\n\t\t\t\t<div class=\"elementor-element elementor-element-1560b33 elementor-widget elementor-widget-text-editor\" data-id=\"1560b33\" data-element_type=\"widget\" data-widget_type=\"text-editor.default\">\n\t\t\t\t<div class=\"elementor-widget-container\">\n\t\t\t\t\t\t\t\t\t<p>Der Seminarraum, auch &#8222;Prinzessinnenzimmer&#8220; genannt, befindet sich im Dachgeschoss der FABRIQUE. Er bietet Raum f\u00fcr \u00e4sthetische, kulturelle und politische Bildung sowie f\u00fcr die Reflexion und Organisation gemeinschaftlichen Handelns.<\/p><p>Neben Workshops, Vortr\u00e4gen und Kursen wird das Prinzessinnenzimmer auch regelm\u00e4\u00dfig f\u00fcr k\u00fcnstlerische, politische oder wissenschaftliche Netzwerktreffen sowie f\u00fcr \u00f6ffentliche kulturelle Veranstaltungen wie die Comicbibliothek, Lesungen, Filmvorf\u00fchrungen oder \u00e4hnliche Formate genutzt.<\/p>\t\t\t\t\t\t\t\t<\/div>\n\t\t\t\t<\/div>\n\t\t\t\t\t<\/div>\n\t\t<\/div>\n\t\t\t\t<div class=\"elementor-column elementor-col-50 elementor-top-column elementor-element elementor-element-9f7bf00\" data-id=\"9f7bf00\" data-element_type=\"column\">\n\t\t\t<div class=\"elementor-widget-wrap elementor-element-populated\">\n\t\t\t\t\t\t<div class=\"elementor-element elementor-element-cd471b1 elementor-widget elementor-widget-text-editor\" data-id=\"cd471b1\" data-element_type=\"widget\" data-widget_type=\"text-editor.default\">\n\t\t\t\t<div class=\"elementor-widget-container\">\n\t\t\t\t\t\t\t\t\t<p>Mit viel historischem Charme bietet der barrierefrei zug\u00e4ngliche Seminarraum im 4.Stock der Fabrique viel Platz f\u00fcr individuelle Nutzungen.<\/p><p>Auf zwei Wandseiten sind durchgehend die alten historischen Giebelfenster erhalten und lassen zusammen mit dem Dachfenster viel Licht in den Raum. Der helle Dielenboden und die charmante Ausstattung inklusive einer kleinen Bar sorgen f\u00fcr eine gem\u00fctliche Atmosph\u00e4re.<\/p><p>Die gesamte Verwaltung und Instandhaltung des Raumes erfolgt ehrenamtlich im Rahmen des Vereins G\u00e4ngeviertel e.V.<\/p>\t\t\t\t\t\t\t\t<\/div>\n\t\t\t\t<\/div>\n\t\t\t\t\t<\/div>\n\t\t<\/div>\n\t\t\t\t\t<\/div>\n\t\t<\/section>\n\t\t\t\t<section class=\"elementor-section elementor-top-section elementor-element elementor-element-04ab297 elementor-section-boxed elementor-section-height-default elementor-section-height-default\" data-id=\"04ab297\" data-element_type=\"section\">\n\t\t\t\t\t\t<div class=\"elementor-container elementor-column-gap-default\">\n\t\t\t\t\t<div class=\"elementor-column elementor-col-33 elementor-top-column elementor-element elementor-element-aa92f2d\" data-id=\"aa92f2d\" data-element_type=\"column\">\n\t\t\t<div class=\"elementor-widget-wrap elementor-element-populated\">\n\t\t\t\t\t\t<div class=\"elementor-element elementor-element-4807b89 elementor-widget elementor-widget-heading\" data-id=\"4807b89\" data-element_type=\"widget\" data-widget_type=\"heading.default\">\n\t\t\t\t<div class=\"elementor-widget-container\">\n\t\t\t\t\t<h2 class=\"elementor-heading-title elementor-size-default\">Ausstattung<\/h2>\t\t\t\t<\/div>\n\t\t\t\t<\/div>\n\t\t\t\t<div class=\"elementor-element elementor-element-600d8fa elementor-widget elementor-widget-text-editor\" data-id=\"600d8fa\" data-element_type=\"widget\" data-widget_type=\"text-editor.default\">\n\t\t\t\t<div class=\"elementor-widget-container\">\n\t\t\t\t\t\t\t\t\t<ul><li>136 m\u00b2<\/li><li>bis zu 120 bestuhlte Pl\u00e4tze<\/li><li>Arbeitstische f\u00fcr ca. 25 Personen<\/li><li>gem\u00fctliche Sitzecke<\/li><li>RednerInnen-Pult<\/li><li>kleine Audio-Anlage mit Klinkenstecker<\/li><li><span style=\"background-color: var(--page-background-color);\">fest installierter Beamer mit HDMI-Anschluss und wei\u00dfer Wand<\/span><\/li><li><span style=\"background-color: var(--page-background-color);\">2 Flipcharts und\u00a0<\/span>3 Raumteiler<\/li><li>buntes Sammelsurium an Moderations-Materialien<\/li><li><span style=\"background-color: var(--page-background-color);\">Kleine Bar mit K\u00fchlschrank, Wasserkocher, Sp\u00fclbecken, kalten Getr\u00e4nken<\/span><\/li><li><span style=\"background-color: var(--page-background-color);\">2 Toiletten<\/span><\/li><li><span style=\"background-color: var(--page-background-color);\">Geschirrsortiment f\u00fcr ca. 20 Personen\u00a0 (Gl\u00e4ser, Teller, Tassen, Besteck)<\/span><\/li><li><span style=\"background-color: var(--page-background-color);\">Internetzugang<\/span><\/li><\/ul>\t\t\t\t\t\t\t\t<\/div>\n\t\t\t\t<\/div>\n\t\t\t\t<div class=\"elementor-element elementor-element-dbb165c elementor-widget elementor-widget-heading\" data-id=\"dbb165c\" data-element_type=\"widget\" data-widget_type=\"heading.default\">\n\t\t\t\t<div class=\"elementor-widget-container\">\n\t\t\t\t\t<h2 class=\"elementor-heading-title elementor-size-default\">Auf Anfrage<\/h2>\t\t\t\t<\/div>\n\t\t\t\t<\/div>\n\t\t\t\t<div class=\"elementor-element elementor-element-26e7822 elementor-widget elementor-widget-text-editor\" data-id=\"26e7822\" data-element_type=\"widget\" data-widget_type=\"text-editor.default\">\n\t\t\t\t<div class=\"elementor-widget-container\">\n\t\t\t\t\t\t\t\t\t<ul>\n<li><span style=\"background-color: var(--page-background-color);\">Aktivboxen f\u00fcr anspruchsvolleren Sound<\/span><\/li>\n<li><span style=\"background-color: var(--page-background-color);\">verschiedene Mikrofone<\/span><\/li>\n<li><span style=\"background-color: var(--page-background-color);\">verschiedene Beleuchtungsm\u00f6glichkeiten<\/span><\/li>\n<\/ul>\t\t\t\t\t\t\t\t<\/div>\n\t\t\t\t<\/div>\n\t\t\t\t<div class=\"elementor-element elementor-element-0d23832 elementor-widget elementor-widget-heading\" data-id=\"0d23832\" data-element_type=\"widget\" data-widget_type=\"heading.default\">\n\t\t\t\t<div class=\"elementor-widget-container\">\n\t\t\t\t\t<h2 class=\"elementor-heading-title elementor-size-default\">Angebot<\/h2>\t\t\t\t<\/div>\n\t\t\t\t<\/div>\n\t\t\t\t<div class=\"elementor-element elementor-element-4164d81 elementor-widget elementor-widget-text-editor\" data-id=\"4164d81\" data-element_type=\"widget\" data-widget_type=\"text-editor.default\">\n\t\t\t\t<div class=\"elementor-widget-container\">\n\t\t\t\t\t\t\t\t\t<ul><li>Seminare<\/li><li>Workshops<\/li><li>Filmvorf\u00fchrungen<\/li><li>Vortr\u00e4ge<\/li><li>Comicbibliothek<\/li><\/ul>\t\t\t\t\t\t\t\t<\/div>\n\t\t\t\t<\/div>\n\t\t\t\t\t<\/div>\n\t\t<\/div>\n\t\t\t\t<div class=\"elementor-column elementor-col-66 elementor-top-column elementor-element elementor-element-c36398d\" data-id=\"c36398d\" data-element_type=\"column\">\n\t\t\t<div class=\"elementor-widget-wrap elementor-element-populated\">\n\t\t\t\t\t\t<div class=\"elementor-element elementor-element-1f3066e elementor-arrows-position-inside elementor-widget elementor-widget-image-carousel\" data-id=\"1f3066e\" data-element_type=\"widget\" data-settings=\"{&quot;slides_to_show&quot;:&quot;1&quot;,&quot;navigation&quot;:&quot;arrows&quot;,&quot;speed&quot;:200,&quot;autoplay&quot;:&quot;yes&quot;,&quot;pause_on_hover&quot;:&quot;yes&quot;,&quot;pause_on_interaction&quot;:&quot;yes&quot;,&quot;autoplay_speed&quot;:5000,&quot;infinite&quot;:&quot;yes&quot;,&quot;effect&quot;:&quot;slide&quot;}\" data-widget_type=\"image-carousel.default\">\n\t\t\t\t<div class=\"elementor-widget-container\">\n\t\t\t\t\t\t\t<div class=\"elementor-image-carousel-wrapper swiper\" role=\"region\" aria-roledescription=\"carousel\" aria-label=\"Bild Karussell\" dir=\"ltr\">\n\t\t\t<div class=\"elementor-image-carousel swiper-wrapper\" aria-live=\"off\">\n\t\t\t\t\t\t\t\t<div class=\"swiper-slide\" role=\"group\" aria-roledescription=\"slide\" aria-label=\"1 von 3\"><figure class=\"swiper-slide-inner\"><img decoding=\"async\" class=\"swiper-slide-image\" src=\"https:\/\/fabrique.gaengeviertel.de\/wp-content\/uploads\/2020\/04\/FABRIQUE_2020-Shoot_126-2048x1365.jpg\" alt=\"Copyright: Eric Anders Photography\" \/><\/figure><\/div><div class=\"swiper-slide\" role=\"group\" aria-roledescription=\"slide\" aria-label=\"2 von 3\"><figure class=\"swiper-slide-inner\"><img decoding=\"async\" class=\"swiper-slide-image\" src=\"https:\/\/fabrique.gaengeviertel.de\/wp-content\/uploads\/2020\/04\/FABRIQUE_2020-Shoot_124-2048x1365.jpg\" alt=\"Copyright: Eric Anders Photography\" \/><\/figure><\/div><div class=\"swiper-slide\" role=\"group\" aria-roledescription=\"slide\" aria-label=\"3 von 3\"><figure class=\"swiper-slide-inner\"><img decoding=\"async\" class=\"swiper-slide-image\" src=\"https:\/\/fabrique.gaengeviertel.de\/wp-content\/uploads\/2020\/03\/FABRIQUE_2020-Shoot_132-2048x1365.jpg\" alt=\"Copyright: Eric Anders Photography\" \/><\/figure><\/div>\t\t\t<\/div>\n\t\t\t\t\t\t\t\t\t\t\t\t<div class=\"elementor-swiper-button elementor-swiper-button-prev\" role=\"button\" tabindex=\"0\">\n\t\t\t\t\t\t<i aria-hidden=\"true\" class=\"eicon-chevron-left\"><\/i>\t\t\t\t\t<\/div>\n\t\t\t\t\t<div class=\"elementor-swiper-button elementor-swiper-button-next\" role=\"button\" tabindex=\"0\">\n\t\t\t\t\t\t<i aria-hidden=\"true\" class=\"eicon-chevron-right\"><\/i>\t\t\t\t\t<\/div>\n\t\t\t\t\n\t\t\t\t\t\t\t\t\t<\/div>\n\t\t\t\t\t\t<\/div>\n\t\t\t\t<\/div>\n\t\t\t\t\t<\/div>\n\t\t<\/div>\n\t\t\t\t\t<\/div>\n\t\t<\/section>\n\t\t\t\t<section class=\"elementor-section elementor-top-section elementor-element elementor-element-9024624 elementor-section-boxed elementor-section-height-default elementor-section-height-default\" data-id=\"9024624\" data-element_type=\"section\">\n\t\t\t\t\t\t<div class=\"elementor-container elementor-column-gap-default\">\n\t\t\t\t\t<div class=\"elementor-column elementor-col-66 elementor-top-column elementor-element elementor-element-bfc7b9c\" data-id=\"bfc7b9c\" data-element_type=\"column\">\n\t\t\t<div class=\"elementor-widget-wrap elementor-element-populated\">\n\t\t\t\t\t\t<div class=\"elementor-element elementor-element-07252c1 elementor-widget elementor-widget-heading\" data-id=\"07252c1\" data-element_type=\"widget\" data-widget_type=\"heading.default\">\n\t\t\t\t<div class=\"elementor-widget-container\">\n\t\t\t\t\t<h2 class=\"elementor-heading-title elementor-size-default\">Du m\u00f6chtest den Seminarraum nutzen?<\/h2>\t\t\t\t<\/div>\n\t\t\t\t<\/div>\n\t\t\t\t<div class=\"elementor-element elementor-element-c2b5016 elementor-widget elementor-widget-text-editor\" data-id=\"c2b5016\" data-element_type=\"widget\" data-widget_type=\"text-editor.default\">\n\t\t\t\t<div class=\"elementor-widget-container\">\n\t\t\t\t\t\t\t\t\t<p>Wir bieten die M\u00f6glichkeit, diesen Raum tage- oder stundenweise zu mieten. Die Mietkosten variieren je nach Budget und Ausrichtung der Veranstaltungen. <span style=\"background-color: var(--page-background-color);\">F\u00fcr eure (unverbindliche) Buchungsanfrage mit den folgenden Angaben: Name der Gruppe \/ Organisation, Name der Ansprechperson, Telefonnummer, Name der Veranstaltung, Art der Veranstaltung (\u00d6ffentlich oder nicht-\u00d6ffentlich), erwartete Teilnehmer:innen-Anzahl, kurze Beschreibung der Veranstaltung, gew\u00fcnschtes Datum bzw. Zeitraum sowie gew\u00fcnschte Uhrzeit.<\/span><\/p>\n<p><span style=\"background-color: var(--page-background-color);\">Beachte bitte auch:<\/span><\/p>\n<p><span style=\"background-color: var(--page-background-color);\"><a href=\"https:\/\/fabrique.gaengeviertel.de\/wp-content\/uploads\/2025\/04\/Info-Seminarraum-2025.pdf\">Buchungsinfo Seminarraum 2025<\/a> (pdf Dokument)<\/span><\/p>\t\t\t\t\t\t\t\t<\/div>\n\t\t\t\t<\/div>\n\t\t\t\t\t<\/div>\n\t\t<\/div>\n\t\t\t\t<div class=\"elementor-column elementor-col-33 elementor-top-column elementor-element elementor-element-c8f8abc\" data-id=\"c8f8abc\" data-element_type=\"column\">\n\t\t\t<div class=\"elementor-widget-wrap elementor-element-populated\">\n\t\t\t\t\t\t<div class=\"elementor-element elementor-element-63d02ff elementor-widget elementor-widget-spacer\" data-id=\"63d02ff\" data-element_type=\"widget\" data-widget_type=\"spacer.default\">\n\t\t\t\t<div class=\"elementor-widget-container\">\n\t\t\t\t\t\t\t<div class=\"elementor-spacer\">\n\t\t\t<div class=\"elementor-spacer-inner\"><\/div>\n\t\t<\/div>\n\t\t\t\t\t\t<\/div>\n\t\t\t\t<\/div>\n\t\t\t\t<div class=\"elementor-element elementor-element-92f2352 elementor-view-default elementor-widget elementor-widget-icon\" data-id=\"92f2352\" data-element_type=\"widget\" data-widget_type=\"icon.default\">\n\t\t\t\t<div class=\"elementor-widget-container\">\n\t\t\t\t\t\t\t<div class=\"elementor-icon-wrapper\">\n\t\t\t<a class=\"elementor-icon\" href=\"mailto:seminarraum@das-gaengeviertel.info\">\n\t\t\t<i aria-hidden=\"true\" class=\"far fa-envelope\"><\/i>\t\t\t<\/a>\n\t\t<\/div>\n\t\t\t\t\t\t<\/div>\n\t\t\t\t<\/div>\n\t\t\t\t\t<\/div>\n\t\t<\/div>\n\t\t\t\t\t<\/div>\n\t\t<\/section>\n\t\t\t\t<\/div>\n\t\t","protected":false},"excerpt":{"rendered":"<p>Der Seminarraum ist ein Ort des Lernens und der Begegnung Der Seminarraum, auch &#8222;Prinzessinnenzimmer&#8220; genannt, befindet sich im Dachgeschoss der FABRIQUE. Er bietet Raum f\u00fcr [&#8230;]<\/p>\n","protected":false},"author":2,"featured_media":0,"parent":0,"menu_order":0,"comment_status":"closed","ping_status":"closed","template":"","meta":{"footnotes":""},"class_list":["post-28","page","type-page","status-publish","hentry"],"_links":{"self":[{"href":"https:\/\/fabrique.gaengeviertel.de\/index.php\/wp-json\/wp\/v2\/pages\/28","targetHints":{"allow":["GET"]}}],"collection":[{"href":"https:\/\/fabrique.gaengeviertel.de\/index.php\/wp-json\/wp\/v2\/pages"}],"about":[{"href":"https:\/\/fabrique.gaengeviertel.de\/index.php\/wp-json\/wp\/v2\/types\/page"}],"author":[{"embeddable":true,"href":"https:\/\/fabrique.gaengeviertel.de\/index.php\/wp-json\/wp\/v2\/users\/2"}],"replies":[{"embeddable":true,"href":"https:\/\/fabrique.gaengeviertel.de\/index.php\/wp-json\/wp\/v2\/comments?post=28"}],"version-history":[{"count":26,"href":"https:\/\/fabrique.gaengeviertel.de\/index.php\/wp-json\/wp\/v2\/pages\/28\/revisions"}],"predecessor-version":[{"id":1066,"href":"https:\/\/fabrique.gaengeviertel.de\/index.php\/wp-json\/wp\/v2\/pages\/28\/revisions\/1066"}],"wp:attachment":[{"href":"https:\/\/fabrique.gaengeviertel.de\/index.php\/wp-json\/wp\/v2\/media?parent=28"}],"curies":[{"name":"wp","href":"https:\/\/api.w.org\/{rel}","templated":true}]}}