{"id":453,"date":"2020-04-15T10:47:59","date_gmt":"2020-04-15T10:47:59","guid":{"rendered":"https:\/\/fabrique.gaengeviertel.de\/?page_id=453"},"modified":"2023-02-03T13:31:54","modified_gmt":"2023-02-03T13:31:54","slug":"probebuehne","status":"publish","type":"page","link":"https:\/\/fabrique.gaengeviertel.de\/index.php\/probebuehne\/","title":{"rendered":"Probeb\u00fchne"},"content":{"rendered":"\t\t<div data-elementor-type=\"wp-page\" data-elementor-id=\"453\" class=\"elementor elementor-453\">\n\t\t\t\t\t\t<section class=\"elementor-section elementor-top-section elementor-element elementor-element-4af4fc1 elementor-section-boxed elementor-section-height-default elementor-section-height-default\" data-id=\"4af4fc1\" data-element_type=\"section\">\n\t\t\t\t\t\t<div class=\"elementor-container elementor-column-gap-default\">\n\t\t\t\t\t<div class=\"elementor-column elementor-col-50 elementor-top-column elementor-element elementor-element-fde3bd6\" data-id=\"fde3bd6\" data-element_type=\"column\">\n\t\t\t<div class=\"elementor-widget-wrap elementor-element-populated\">\n\t\t\t\t\t\t<div class=\"elementor-element elementor-element-48826f5 elementor-widget elementor-widget-heading\" data-id=\"48826f5\" data-element_type=\"widget\" data-widget_type=\"heading.default\">\n\t\t\t\t<div class=\"elementor-widget-container\">\n\t\t\t\t\t<h2 class=\"elementor-heading-title elementor-size-default\">Die Probeb\u00fchne ist ein erschwinglicher Proberaum f\u00fcr unterschiedlichste Darstellungs-, Performance- und Theaterformen<\/h2>\t\t\t\t<\/div>\n\t\t\t\t<\/div>\n\t\t\t\t<div class=\"elementor-element elementor-element-c0c501d elementor-widget elementor-widget-text-editor\" data-id=\"c0c501d\" data-element_type=\"widget\" data-widget_type=\"text-editor.default\">\n\t\t\t\t<div class=\"elementor-widget-container\">\n\t\t\t\t\t\t\t\t\t<p>Die selbstverwaltete Probeb\u00fchne bietet ein inspirierendes Arbeitsumfeld f\u00fcr k\u00fcnstlerische Projekte der performativen K\u00fcnste. Dar\u00fcber hinaus verstehen sich die aktiven Mitglieder als kollektives und kollaboratives Netzwerk zur langfristigen Verbesserung der Arbeitsbedingungen innerhalb der freien Theater- und Performanceszene.<\/p><p>Der 130 Quadratmeter gro\u00dfe Probenraum steht Gruppen und Einzelk\u00fcnstlerInnen vor allem f\u00fcr Probezeitr\u00e4ume am Block zur Verf\u00fcgung.\u00a0 Zielgruppe sind insbesondere die Akteure der freien Szene, die au\u00dferhalb der etablierten Theaterinstitutionen produzieren. Die Probeb\u00fchne er\u00f6ffnet ihnen einen M\u00f6glichkeitsraum f\u00fcr Gedanken, Experimente und Begegnungen.<\/p>\t\t\t\t\t\t\t\t<\/div>\n\t\t\t\t<\/div>\n\t\t\t\t\t<\/div>\n\t\t<\/div>\n\t\t\t\t<div class=\"elementor-column elementor-col-50 elementor-top-column elementor-element elementor-element-d4cc9ec\" data-id=\"d4cc9ec\" data-element_type=\"column\">\n\t\t\t<div class=\"elementor-widget-wrap elementor-element-populated\">\n\t\t\t\t\t\t<div class=\"elementor-element elementor-element-7c3a6fe elementor-widget elementor-widget-text-editor\" data-id=\"7c3a6fe\" data-element_type=\"widget\" data-widget_type=\"text-editor.default\">\n\t\t\t\t<div class=\"elementor-widget-container\">\n\t\t\t\t\t\t\t\t\t<p>Die seit 2010 hier entstandenen Produktionen wurden u.a. im G\u00e4ngeviertel, in freien Theatern (Lichthof, Sprechwerk, Kampnagel) sowie im Deutschen Schauspielhaus und dem Thalia Theater pr\u00e4sentiert.<\/p>\n<p>Als wichtiger Baustein f\u00fcr Austausch und Vernetzung steht der Raum neben der Probearbeit auch f\u00fcr nichtkommerzielle Workshops und Diskussionen zur Verf\u00fcgung. Zudem werden Auff\u00fchrungen oder Pr\u00e4sentationen in den Galerien und Veranstaltungsorten des G\u00e4ngeviertels unterst\u00fctzt.&nbsp; Weitere Infos findet Ihr auf der <a href=\"https:\/\/probebuehneimgaengeviertel.wordpress.com\/\">Website der Probeb\u00fchne.<\/a><\/p>\n<p>Nach unterschiedlichen Anschubfinanzierungen in den Jahren 2016-2018 erh\u00e4lt die Probeb\u00fchne im G\u00e4ngeviertel seit 2019 eine kontinuierliche F\u00f6rderung der Beh\u00f6rde f\u00fcr Kultur und Medien der Stadt Hamburg. <a href=\"https:\/\/www.hamburg.de\/bkm\/\"><img decoding=\"async\" class=\"size-full wp-image-462 alignright\" src=\"https:\/\/fabrique.gaengeviertel.de\/wp-content\/uploads\/2020\/04\/Beh\u00f6rde-Kultur-Medien-e1586950785925.png\" alt=\"\" width=\"230\" height=\"128\"><\/a><\/p>\t\t\t\t\t\t\t\t<\/div>\n\t\t\t\t<\/div>\n\t\t\t\t\t<\/div>\n\t\t<\/div>\n\t\t\t\t\t<\/div>\n\t\t<\/section>\n\t\t\t\t<section class=\"elementor-section elementor-top-section elementor-element elementor-element-bceba5b elementor-section-boxed elementor-section-height-default elementor-section-height-default\" data-id=\"bceba5b\" data-element_type=\"section\">\n\t\t\t\t\t\t<div class=\"elementor-container elementor-column-gap-default\">\n\t\t\t\t\t<div class=\"elementor-column elementor-col-33 elementor-top-column elementor-element elementor-element-c8d1e29\" data-id=\"c8d1e29\" data-element_type=\"column\">\n\t\t\t<div class=\"elementor-widget-wrap elementor-element-populated\">\n\t\t\t\t\t\t<div class=\"elementor-element elementor-element-f1e8151 elementor-widget elementor-widget-heading\" data-id=\"f1e8151\" data-element_type=\"widget\" data-widget_type=\"heading.default\">\n\t\t\t\t<div class=\"elementor-widget-container\">\n\t\t\t\t\t<h2 class=\"elementor-heading-title elementor-size-default\">Ausstattung<\/h2>\t\t\t\t<\/div>\n\t\t\t\t<\/div>\n\t\t\t\t<div class=\"elementor-element elementor-element-54ff51e elementor-widget elementor-widget-text-editor\" data-id=\"54ff51e\" data-element_type=\"widget\" data-widget_type=\"text-editor.default\">\n\t\t\t\t<div class=\"elementor-widget-container\">\n\t\t\t\t\t\t\t\t\t<ul><li>130m\u00b2<\/li><li>\u00a02 lange Tische und B\u00e4nke, einige St\u00fchle<\/li><li>1 B\u00fchnenelement<\/li><li>Soundanlage<\/li><li>Diverse Keilrahmen aus Holz, mit schwarzem Molton bespannt<\/li><li>separates WC<\/li><li>K\u00fcchenzeile<\/li><li>diverses Technikequipment<\/li><\/ul>\t\t\t\t\t\t\t\t<\/div>\n\t\t\t\t<\/div>\n\t\t\t\t<div class=\"elementor-element elementor-element-5eaa7d9 elementor-widget elementor-widget-heading\" data-id=\"5eaa7d9\" data-element_type=\"widget\" data-widget_type=\"heading.default\">\n\t\t\t\t<div class=\"elementor-widget-container\">\n\t\t\t\t\t<h2 class=\"elementor-heading-title elementor-size-default\">Angebot<\/h2>\t\t\t\t<\/div>\n\t\t\t\t<\/div>\n\t\t\t\t<div class=\"elementor-element elementor-element-0608912 elementor-widget elementor-widget-text-editor\" data-id=\"0608912\" data-element_type=\"widget\" data-widget_type=\"text-editor.default\">\n\t\t\t\t<div class=\"elementor-widget-container\">\n\t\t\t\t\t\t\t\t\t<ul><li>erschwinglicher Proberaum<\/li><li>Workshops<\/li><li>Bibliothek mit Dramentexten, theaterwissenschaftlicher Sekund\u00e4rliteratur, diverse Magazine<\/li><\/ul>\t\t\t\t\t\t\t\t<\/div>\n\t\t\t\t<\/div>\n\t\t\t\t\t<\/div>\n\t\t<\/div>\n\t\t\t\t<div class=\"elementor-column elementor-col-66 elementor-top-column elementor-element elementor-element-f43ff70\" data-id=\"f43ff70\" data-element_type=\"column\">\n\t\t\t<div class=\"elementor-widget-wrap elementor-element-populated\">\n\t\t\t\t\t\t<div class=\"elementor-element elementor-element-520a7ed elementor-arrows-position-inside elementor-widget elementor-widget-image-carousel\" data-id=\"520a7ed\" data-element_type=\"widget\" data-settings=\"{&quot;slides_to_show&quot;:&quot;1&quot;,&quot;navigation&quot;:&quot;arrows&quot;,&quot;speed&quot;:300,&quot;autoplay&quot;:&quot;yes&quot;,&quot;pause_on_hover&quot;:&quot;yes&quot;,&quot;pause_on_interaction&quot;:&quot;yes&quot;,&quot;autoplay_speed&quot;:5000,&quot;infinite&quot;:&quot;yes&quot;,&quot;effect&quot;:&quot;slide&quot;}\" data-widget_type=\"image-carousel.default\">\n\t\t\t\t<div class=\"elementor-widget-container\">\n\t\t\t\t\t\t\t<div class=\"elementor-image-carousel-wrapper swiper\" role=\"region\" aria-roledescription=\"carousel\" aria-label=\"Bild Karussell\" dir=\"ltr\">\n\t\t\t<div class=\"elementor-image-carousel swiper-wrapper\" aria-live=\"off\">\n\t\t\t\t\t\t\t\t<div class=\"swiper-slide\" role=\"group\" aria-roledescription=\"slide\" aria-label=\"1 von 3\"><figure class=\"swiper-slide-inner\"><img decoding=\"async\" class=\"swiper-slide-image\" src=\"https:\/\/fabrique.gaengeviertel.de\/wp-content\/uploads\/2020\/03\/FABRIQUE_2020-Shoot_075-1024x683.jpg\" alt=\"Copyright: Eric Anders Photography\" \/><\/figure><\/div><div class=\"swiper-slide\" role=\"group\" aria-roledescription=\"slide\" aria-label=\"2 von 3\"><figure class=\"swiper-slide-inner\"><img decoding=\"async\" class=\"swiper-slide-image\" src=\"https:\/\/fabrique.gaengeviertel.de\/wp-content\/uploads\/2020\/04\/FABRIQUE_2020-Shoot_072-1024x683.jpg\" alt=\"Copyright: Eric Anders Photography\" \/><\/figure><\/div><div class=\"swiper-slide\" role=\"group\" aria-roledescription=\"slide\" aria-label=\"3 von 3\"><figure class=\"swiper-slide-inner\"><img decoding=\"async\" class=\"swiper-slide-image\" src=\"https:\/\/fabrique.gaengeviertel.de\/wp-content\/uploads\/2020\/04\/FABRIQUE_2020-Shoot_077-1024x683.jpg\" alt=\"Copyright: Eric Anders Photography\" \/><\/figure><\/div>\t\t\t<\/div>\n\t\t\t\t\t\t\t\t\t\t\t\t<div class=\"elementor-swiper-button elementor-swiper-button-prev\" role=\"button\" tabindex=\"0\">\n\t\t\t\t\t\t<i aria-hidden=\"true\" class=\"eicon-chevron-left\"><\/i>\t\t\t\t\t<\/div>\n\t\t\t\t\t<div class=\"elementor-swiper-button elementor-swiper-button-next\" role=\"button\" tabindex=\"0\">\n\t\t\t\t\t\t<i aria-hidden=\"true\" class=\"eicon-chevron-right\"><\/i>\t\t\t\t\t<\/div>\n\t\t\t\t\n\t\t\t\t\t\t\t\t\t<\/div>\n\t\t\t\t\t\t<\/div>\n\t\t\t\t<\/div>\n\t\t\t\t\t<\/div>\n\t\t<\/div>\n\t\t\t\t\t<\/div>\n\t\t<\/section>\n\t\t\t\t<section class=\"elementor-section elementor-top-section elementor-element elementor-element-bf86b5c elementor-section-boxed elementor-section-height-default elementor-section-height-default\" data-id=\"bf86b5c\" data-element_type=\"section\">\n\t\t\t\t\t\t<div class=\"elementor-container elementor-column-gap-default\">\n\t\t\t\t\t<div class=\"elementor-column elementor-col-66 elementor-top-column elementor-element elementor-element-189ec78\" data-id=\"189ec78\" data-element_type=\"column\">\n\t\t\t<div class=\"elementor-widget-wrap elementor-element-populated\">\n\t\t\t\t\t\t<div class=\"elementor-element elementor-element-0d56833 elementor-widget elementor-widget-heading\" data-id=\"0d56833\" data-element_type=\"widget\" data-widget_type=\"heading.default\">\n\t\t\t\t<div class=\"elementor-widget-container\">\n\t\t\t\t\t<h2 class=\"elementor-heading-title elementor-size-default\">Du m\u00f6chtest die Probeb\u00fchne nutzen?<\/h2>\t\t\t\t<\/div>\n\t\t\t\t<\/div>\n\t\t\t\t<div class=\"elementor-element elementor-element-307c551 elementor-widget elementor-widget-text-editor\" data-id=\"307c551\" data-element_type=\"widget\" data-widget_type=\"text-editor.default\">\n\t\t\t\t<div class=\"elementor-widget-container\">\n\t\t\t\t\t\t\t\t\t<p>Die Probeb\u00fchne im G\u00e4ngeviertel ist ein Raum, der zun\u00e4chst einmal f\u00fcr Akteure der freien Szene gedacht ist. Grunds\u00e4tzlich steht er aber jedem zur Verf\u00fcgung, der sich interessiert und ihn nutzen m\u00f6chte, sofern er dabei nicht vergisst, dass es diese M\u00f6glichkeit nicht von selbst gibt, und niemand damit Geld verdient. Weitere Infos findet Ihr auf der <a href=\"https:\/\/probebuehneimgaengeviertel.wordpress.com\/\">Website der Probeb\u00fchne.<\/a><\/p><p>Tarife:<br \/><strong>F\u00fcr Mitglieder des Probeb\u00fchne im G\u00e4ngeviertel e.V.:<\/strong><br \/>19 \u20ac\/Tag<br \/>ab einer Nutzung von 7 Tagen: 18 \u20ac\/Tag\u00a0 (126 \u20ac pro Woche)<br \/>ab einer Nutzung von 28 Tagen: 15 \u20ac\/Tag\u00a0 (375 \u20ac f\u00fcr 4 Wochen)<br \/><strong>F\u00fcr freischaffende K\u00fcnstlerinnen und K\u00fcnstler in den darstellenden K\u00fcnsten (Nicht-Mitglieder der Probeb\u00fchne im G\u00e4ngeviertel e.V.):<\/strong><br \/>26 \u20ac\/Tag<br \/>ab einer Nutzung von 7 Tagen: 24 \u20ac\/Tag\u00a0 (168 \u20ac pro Woche)<br \/>ab einer Nutzung von 28 Tagen: 21 \u20ac\/Tag\u00a0 (588 \u20ac f\u00fcr 4 Wochen)<br \/><strong>Mietpreise f\u00fcr Institutionen, VeranstalterInnen und Workshops<\/strong> mit Teilnahmegeb\u00fchr <a href=\"mailto:probeb\u00fchne@das-gaengeviertel.info\" target=\"_blank\" rel=\"noopener\"><strong>auf Anfrage<\/strong>.<\/a><\/p><p>Bitte lest Euch vorab die\u00a0 <a href=\"https:\/\/probebuehneimgaengeviertel.files.wordpress.com\/2012\/05\/nutzungsvereinbahrung-4-stand-2-16.pdf\">Nutzungsvereinbarung der Probeb\u00fchne<\/a> durch.<\/p>\t\t\t\t\t\t\t\t<\/div>\n\t\t\t\t<\/div>\n\t\t\t\t\t<\/div>\n\t\t<\/div>\n\t\t\t\t<div class=\"elementor-column elementor-col-33 elementor-top-column elementor-element elementor-element-a2e7ac0\" data-id=\"a2e7ac0\" data-element_type=\"column\">\n\t\t\t<div class=\"elementor-widget-wrap elementor-element-populated\">\n\t\t\t\t\t\t<div class=\"elementor-element elementor-element-0f1eeed elementor-widget elementor-widget-spacer\" data-id=\"0f1eeed\" data-element_type=\"widget\" data-widget_type=\"spacer.default\">\n\t\t\t\t<div class=\"elementor-widget-container\">\n\t\t\t\t\t\t\t<div class=\"elementor-spacer\">\n\t\t\t<div class=\"elementor-spacer-inner\"><\/div>\n\t\t<\/div>\n\t\t\t\t\t\t<\/div>\n\t\t\t\t<\/div>\n\t\t\t\t<div class=\"elementor-element elementor-element-dbd65e6 elementor-shape-rounded elementor-grid-0 e-grid-align-center elementor-widget elementor-widget-social-icons\" data-id=\"dbd65e6\" data-element_type=\"widget\" data-widget_type=\"social-icons.default\">\n\t\t\t\t<div class=\"elementor-widget-container\">\n\t\t\t\t\t\t\t<div class=\"elementor-social-icons-wrapper elementor-grid\" role=\"list\">\n\t\t\t\t\t\t\t<span class=\"elementor-grid-item\" role=\"listitem\">\n\t\t\t\t\t<a class=\"elementor-icon elementor-social-icon elementor-social-icon-envelope elementor-repeater-item-7dfa5bc\" href=\"mailto:probeb\u00fchne@das-gaengeviertel.info\" target=\"_blank\">\n\t\t\t\t\t\t<span class=\"elementor-screen-only\">Envelope<\/span>\n\t\t\t\t\t\t<i aria-hidden=\"true\" class=\"far fa-envelope\"><\/i>\t\t\t\t\t<\/a>\n\t\t\t\t<\/span>\n\t\t\t\t\t\t\t<span class=\"elementor-grid-item\" role=\"listitem\">\n\t\t\t\t\t<a class=\"elementor-icon elementor-social-icon elementor-social-icon-facebook elementor-repeater-item-8d764c5\" href=\"https:\/\/www.facebook.com\/probebuehnegaengeviertel\/\" target=\"_blank\">\n\t\t\t\t\t\t<span class=\"elementor-screen-only\">Facebook<\/span>\n\t\t\t\t\t\t<i aria-hidden=\"true\" class=\"fab fa-facebook\"><\/i>\t\t\t\t\t<\/a>\n\t\t\t\t<\/span>\n\t\t\t\t\t\t\t<span class=\"elementor-grid-item\" role=\"listitem\">\n\t\t\t\t\t<a class=\"elementor-icon elementor-social-icon elementor-social-icon-link elementor-repeater-item-a65278a\" href=\"https:\/\/probebuehneimgaengeviertel.wordpress.com\/\" target=\"_blank\">\n\t\t\t\t\t\t<span class=\"elementor-screen-only\">Link<\/span>\n\t\t\t\t\t\t<i aria-hidden=\"true\" class=\"fas fa-link\"><\/i>\t\t\t\t\t<\/a>\n\t\t\t\t<\/span>\n\t\t\t\t\t<\/div>\n\t\t\t\t\t\t<\/div>\n\t\t\t\t<\/div>\n\t\t\t\t\t<\/div>\n\t\t<\/div>\n\t\t\t\t\t<\/div>\n\t\t<\/section>\n\t\t\t\t<\/div>\n\t\t","protected":false},"excerpt":{"rendered":"<p>Die Probeb\u00fchne ist ein erschwinglicher Proberaum f\u00fcr unterschiedlichste Darstellungs-, Performance- und Theaterformen Die selbstverwaltete Probeb\u00fchne bietet ein inspirierendes Arbeitsumfeld f\u00fcr k\u00fcnstlerische Projekte der performativen K\u00fcnste. [&#8230;]<\/p>\n","protected":false},"author":2,"featured_media":0,"parent":0,"menu_order":0,"comment_status":"closed","ping_status":"closed","template":"","meta":{"footnotes":""},"class_list":["post-453","page","type-page","status-publish","hentry"],"_links":{"self":[{"href":"https:\/\/fabrique.gaengeviertel.de\/index.php\/wp-json\/wp\/v2\/pages\/453","targetHints":{"allow":["GET"]}}],"collection":[{"href":"https:\/\/fabrique.gaengeviertel.de\/index.php\/wp-json\/wp\/v2\/pages"}],"about":[{"href":"https:\/\/fabrique.gaengeviertel.de\/index.php\/wp-json\/wp\/v2\/types\/page"}],"author":[{"embeddable":true,"href":"https:\/\/fabrique.gaengeviertel.de\/index.php\/wp-json\/wp\/v2\/users\/2"}],"replies":[{"embeddable":true,"href":"https:\/\/fabrique.gaengeviertel.de\/index.php\/wp-json\/wp\/v2\/comments?post=453"}],"version-history":[{"count":23,"href":"https:\/\/fabrique.gaengeviertel.de\/index.php\/wp-json\/wp\/v2\/pages\/453\/revisions"}],"predecessor-version":[{"id":807,"href":"https:\/\/fabrique.gaengeviertel.de\/index.php\/wp-json\/wp\/v2\/pages\/453\/revisions\/807"}],"wp:attachment":[{"href":"https:\/\/fabrique.gaengeviertel.de\/index.php\/wp-json\/wp\/v2\/media?parent=453"}],"curies":[{"name":"wp","href":"https:\/\/api.w.org\/{rel}","templated":true}]}}